{"id":2258,"date":"2024-05-10T09:17:36","date_gmt":"2024-05-10T09:17:36","guid":{"rendered":"https:\/\/freightexpress.qodeinteractive.com\/?page_id=2258"},"modified":"2025-01-28T13:29:57","modified_gmt":"2025-01-28T13:29:57","slug":"kontakt","status":"publish","type":"page","link":"https:\/\/gerard.al\/en\/kontakt\/","title":{"rendered":"Contact"},"content":{"rendered":"\t\t<div data-elementor-type=\"wp-page\" data-elementor-id=\"2258\" class=\"elementor elementor-2258\">\n\t\t\t\t<div class=\"elementor-element elementor-element-ed25e93 e-con-full e-flex e-con e-parent\" data-id=\"ed25e93\" data-element_type=\"container\" data-e-type=\"container\">\n\t\t\t\t<div class=\"elementor-element elementor-element-08164a7 elementor-widget elementor-widget-freightexpress_core_google_map\" data-id=\"08164a7\" data-element_type=\"widget\" data-e-type=\"widget\" data-widget_type=\"freightexpress_core_google_map.default\">\n\t\t\t\t<div class=\"elementor-widget-container\">\n\t\t\t\t\t<div class=\"qodef-shortcode qodef-m  qodef-google-map\">\n\t<div class=\"qodef-m-map\" id=\"qodef-map-id--761\" data-addresses='[\"I.B Recycling, Bisht Kamez, Albania\"]' data-pin=https:\/\/gerard.al\/wp-content\/plugins\/freightexpress-core\/inc\/maps\/assets\/img\/pin.png data-unique-id=761 data-height=600><\/div>\n<\/div>\n\t\t\t\t<\/div>\n\t\t\t\t<\/div>\n\t\t\t\t<\/div>\n\t\t<div class=\"elementor-element elementor-element-54f1da2 e-con-full qodef-elementor-content-grid e-flex e-con e-parent\" data-id=\"54f1da2\" data-element_type=\"container\" data-e-type=\"container\">\n\t\t<div class=\"elementor-element elementor-element-440a4d2 e-con-full e-flex e-con e-child\" data-id=\"440a4d2\" data-element_type=\"container\" data-e-type=\"container\">\n\t\t\t\t<div class=\"elementor-element elementor-element-d41bd12 elementor-widget elementor-widget-freightexpress_core_section_title\" data-id=\"d41bd12\" data-element_type=\"widget\" data-e-type=\"widget\" data-widget_type=\"freightexpress_core_section_title.default\">\n\t\t\t\t<div class=\"elementor-widget-container\">\n\t\t\t\t\t<div class=\"qodef-shortcode qodef-m  qodef-section-title qodef-alignment--left  \">\n    \t\t<h2 class=\"qodef-m-title\" >\n\t\t\tKontakti\t<\/h2>\n\t    <p class=\"qodef-m-description\" > P\u00ebr \u00e7do pyetje, ju lutem na kontaktoni n\u00eb nj\u00eb nga format e kontaktit m\u00eb posht\u00eb,<\/p>\n    <\/div>\n\t\t\t\t<\/div>\n\t\t\t\t<\/div>\n\t\t\t\t<div class=\"elementor-element elementor-element-f9b8d2c elementor-widget elementor-widget-text-editor\" data-id=\"f9b8d2c\" data-element_type=\"widget\" data-e-type=\"widget\" data-widget_type=\"text-editor.default\">\n\t\t\t\t<div class=\"elementor-widget-container\">\n\t\t\t\t\t\t\t\t\t<h4><strong><a href=\"tel:+35552902060\">+355 52 902 060<\/a><\/strong><\/h4>\t\t\t\t\t\t\t\t<\/div>\n\t\t\t\t<\/div>\n\t\t<div class=\"elementor-element elementor-element-4e4c19b e-con-full e-flex e-con e-child\" data-id=\"4e4c19b\" data-element_type=\"container\" data-e-type=\"container\">\n\t\t<div class=\"elementor-element elementor-element-1ccf922 e-con-full e-flex e-con e-child\" data-id=\"1ccf922\" data-element_type=\"container\" data-e-type=\"container\">\n\t\t\t\t<div class=\"elementor-element elementor-element-be54754 elementor-widget elementor-widget-text-editor\" data-id=\"be54754\" data-element_type=\"widget\" data-e-type=\"widget\" data-widget_type=\"text-editor.default\">\n\t\t\t\t<div class=\"elementor-widget-container\">\n\t\t\t\t\t\t\t\t\t<h6>Vendndodhja<\/h6>\t\t\t\t\t\t\t\t<\/div>\n\t\t\t\t<\/div>\n\t\t\t\t<div class=\"elementor-element elementor-element-fdbfa29 elementor-widget elementor-widget-text-editor\" data-id=\"fdbfa29\" data-element_type=\"widget\" data-e-type=\"widget\" data-widget_type=\"text-editor.default\">\n\t\t\t\t<div class=\"elementor-widget-container\">\n\t\t\t\t\t\t\t\t\t<p><a href=\"https:\/\/maps.app.goo.gl\/AhCxmNrdS4s87Wyx6\">Rruga Fllake, Durr\u00ebs, Shqip\u00ebri<\/a><\/p>\t\t\t\t\t\t\t\t<\/div>\n\t\t\t\t<\/div>\n\t\t\t\t<\/div>\n\t\t<div class=\"elementor-element elementor-element-636cf26 e-con-full e-flex e-con e-child\" data-id=\"636cf26\" data-element_type=\"container\" data-e-type=\"container\">\n\t\t\t\t<div class=\"elementor-element elementor-element-58352ce elementor-widget elementor-widget-text-editor\" data-id=\"58352ce\" data-element_type=\"widget\" data-e-type=\"widget\" data-widget_type=\"text-editor.default\">\n\t\t\t\t<div class=\"elementor-widget-container\">\n\t\t\t\t\t\t\t\t\t<h6>Email<\/h6>\t\t\t\t\t\t\t\t<\/div>\n\t\t\t\t<\/div>\n\t\t\t\t<div class=\"elementor-element elementor-element-9fa62bf elementor-widget elementor-widget-text-editor\" data-id=\"9fa62bf\" data-element_type=\"widget\" data-e-type=\"widget\" data-widget_type=\"text-editor.default\">\n\t\t\t\t<div class=\"elementor-widget-container\">\n\t\t\t\t\t\t\t\t\t<p><a href=\"mailto:info@gerard.al\">info@gerard.al<\/a><\/p>\t\t\t\t\t\t\t\t<\/div>\n\t\t\t\t<\/div>\n\t\t\t\t<\/div>\n\t\t\t\t<\/div>\n\t\t\t\t<\/div>\n\t\t\t\t<\/div>\n\t\t\t\t<\/div>\n\t\t","protected":false},"excerpt":{"rendered":"<p>Contact For any questions, please contact us in one of the contact forms below, +355 52 902 060 Location Rruga Fllake, Durr\u00ebs, Albania Email info@gerard.al<\/p>","protected":false},"author":1,"featured_media":5604,"parent":0,"menu_order":0,"comment_status":"closed","ping_status":"closed","template":"page-full-width.php","meta":{"footnotes":""},"class_list":["post-2258","page","type-page","status-publish","has-post-thumbnail","hentry"],"yoast_head":"<!-- This site is optimized with the Yoast SEO plugin v27.5 - https:\/\/yoast.com\/product\/yoast-seo-wordpress\/ -->\n<title>Kontakt - Gerard SHPK<\/title>\n<meta name=\"description\" content=\"P\u00ebr \u00e7do pyetje, ju lutem na kontaktoni n\u00eb nj\u00eb nga format e kontaktit m\u00eb posht\u00eb\" \/>\n<meta name=\"robots\" content=\"index, follow, max-snippet:-1, max-image-preview:large, max-video-preview:-1\" \/>\n<link rel=\"canonical\" href=\"https:\/\/gerard.al\/en\/kontakt\/\" \/>\n<meta property=\"og:locale\" content=\"en_US\" \/>\n<meta property=\"og:type\" content=\"article\" \/>\n<meta property=\"og:title\" content=\"Kontakt - Gerard SHPK\" \/>\n<meta property=\"og:description\" content=\"P\u00ebr \u00e7do pyetje, ju lutem na kontaktoni n\u00eb nj\u00eb nga format e kontaktit m\u00eb posht\u00eb\" \/>\n<meta property=\"og:url\" content=\"https:\/\/gerard.al\/en\/kontakt\/\" \/>\n<meta property=\"og:site_name\" content=\"Gerard SHPK\" \/>\n<meta property=\"article:modified_time\" content=\"2025-01-28T13:29:57+00:00\" \/>\n<meta property=\"og:image\" content=\"https:\/\/gerard.al\/wp-content\/uploads\/2025\/01\/gerard-icon.png\" \/>\n\t<meta property=\"og:image:width\" content=\"100\" \/>\n\t<meta property=\"og:image:height\" content=\"100\" \/>\n\t<meta property=\"og:image:type\" content=\"image\/png\" \/>\n<meta name=\"twitter:card\" content=\"summary_large_image\" \/>\n<meta name=\"twitter:label1\" content=\"Est. reading time\" \/>\n\t<meta name=\"twitter:data1\" content=\"1 minute\" \/>\n<script type=\"application\/ld+json\" class=\"yoast-schema-graph\">{\"@context\":\"https:\\\/\\\/schema.org\",\"@graph\":[{\"@type\":\"WebPage\",\"@id\":\"https:\\\/\\\/gerard.al\\\/kontakt\\\/\",\"url\":\"https:\\\/\\\/gerard.al\\\/kontakt\\\/\",\"name\":\"Kontakt - Gerard SHPK\",\"isPartOf\":{\"@id\":\"https:\\\/\\\/gerard.al\\\/#website\"},\"primaryImageOfPage\":{\"@id\":\"https:\\\/\\\/gerard.al\\\/kontakt\\\/#primaryimage\"},\"image\":{\"@id\":\"https:\\\/\\\/gerard.al\\\/kontakt\\\/#primaryimage\"},\"thumbnailUrl\":\"https:\\\/\\\/gerard.al\\\/wp-content\\\/uploads\\\/2025\\\/01\\\/gerard-icon.png\",\"datePublished\":\"2024-05-10T09:17:36+00:00\",\"dateModified\":\"2025-01-28T13:29:57+00:00\",\"description\":\"P\u00ebr \u00e7do pyetje, ju lutem na kontaktoni n\u00eb nj\u00eb nga format e kontaktit m\u00eb posht\u00eb\",\"breadcrumb\":{\"@id\":\"https:\\\/\\\/gerard.al\\\/kontakt\\\/#breadcrumb\"},\"inLanguage\":\"en-US\",\"potentialAction\":[{\"@type\":\"ReadAction\",\"target\":[\"https:\\\/\\\/gerard.al\\\/kontakt\\\/\"]}]},{\"@type\":\"ImageObject\",\"inLanguage\":\"en-US\",\"@id\":\"https:\\\/\\\/gerard.al\\\/kontakt\\\/#primaryimage\",\"url\":\"https:\\\/\\\/gerard.al\\\/wp-content\\\/uploads\\\/2025\\\/01\\\/gerard-icon.png\",\"contentUrl\":\"https:\\\/\\\/gerard.al\\\/wp-content\\\/uploads\\\/2025\\\/01\\\/gerard-icon.png\",\"width\":100,\"height\":100},{\"@type\":\"BreadcrumbList\",\"@id\":\"https:\\\/\\\/gerard.al\\\/kontakt\\\/#breadcrumb\",\"itemListElement\":[{\"@type\":\"ListItem\",\"position\":1,\"name\":\"Home\",\"item\":\"https:\\\/\\\/gerard.al\\\/\"},{\"@type\":\"ListItem\",\"position\":2,\"name\":\"Kontakt\"}]},{\"@type\":\"WebSite\",\"@id\":\"https:\\\/\\\/gerard.al\\\/#website\",\"url\":\"https:\\\/\\\/gerard.al\\\/\",\"name\":\"Gerard SHPK\",\"description\":\"Cil\u00ebsi e Garantuar\",\"publisher\":{\"@id\":\"https:\\\/\\\/gerard.al\\\/#organization\"},\"potentialAction\":[{\"@type\":\"SearchAction\",\"target\":{\"@type\":\"EntryPoint\",\"urlTemplate\":\"https:\\\/\\\/gerard.al\\\/?s={search_term_string}\"},\"query-input\":{\"@type\":\"PropertyValueSpecification\",\"valueRequired\":true,\"valueName\":\"search_term_string\"}}],\"inLanguage\":\"en-US\"},{\"@type\":\"Organization\",\"@id\":\"https:\\\/\\\/gerard.al\\\/#organization\",\"name\":\"Gerard SHPK\",\"url\":\"https:\\\/\\\/gerard.al\\\/\",\"logo\":{\"@type\":\"ImageObject\",\"inLanguage\":\"en-US\",\"@id\":\"https:\\\/\\\/gerard.al\\\/#\\\/schema\\\/logo\\\/image\\\/\",\"url\":\"https:\\\/\\\/gerard.al\\\/wp-content\\\/uploads\\\/2025\\\/01\\\/1.png\",\"contentUrl\":\"https:\\\/\\\/gerard.al\\\/wp-content\\\/uploads\\\/2025\\\/01\\\/1.png\",\"width\":2716,\"height\":634,\"caption\":\"Gerard SHPK\"},\"image\":{\"@id\":\"https:\\\/\\\/gerard.al\\\/#\\\/schema\\\/logo\\\/image\\\/\"}}]}<\/script>\n<!-- \/ Yoast SEO plugin. -->","yoast_head_json":{"title":"Contact - Gerard SHPK","description":"For any questions, please contact us using one of the contact forms below.","robots":{"index":"index","follow":"follow","max-snippet":"max-snippet:-1","max-image-preview":"max-image-preview:large","max-video-preview":"max-video-preview:-1"},"canonical":"https:\/\/gerard.al\/en\/kontakt\/","og_locale":"en_US","og_type":"article","og_title":"Kontakt - Gerard SHPK","og_description":"P\u00ebr \u00e7do pyetje, ju lutem na kontaktoni n\u00eb nj\u00eb nga format e kontaktit m\u00eb posht\u00eb","og_url":"https:\/\/gerard.al\/en\/kontakt\/","og_site_name":"Gerard SHPK","article_modified_time":"2025-01-28T13:29:57+00:00","og_image":[{"width":100,"height":100,"url":"https:\/\/gerard.al\/wp-content\/uploads\/2025\/01\/gerard-icon.png","type":"image\/png"}],"twitter_card":"summary_large_image","twitter_misc":{"Est. reading time":"1 minute"},"schema":{"@context":"https:\/\/schema.org","@graph":[{"@type":"WebPage","@id":"https:\/\/gerard.al\/kontakt\/","url":"https:\/\/gerard.al\/kontakt\/","name":"Contact - Gerard SHPK","isPartOf":{"@id":"https:\/\/gerard.al\/#website"},"primaryImageOfPage":{"@id":"https:\/\/gerard.al\/kontakt\/#primaryimage"},"image":{"@id":"https:\/\/gerard.al\/kontakt\/#primaryimage"},"thumbnailUrl":"https:\/\/gerard.al\/wp-content\/uploads\/2025\/01\/gerard-icon.png","datePublished":"2024-05-10T09:17:36+00:00","dateModified":"2025-01-28T13:29:57+00:00","description":"For any questions, please contact us using one of the contact forms below.","breadcrumb":{"@id":"https:\/\/gerard.al\/kontakt\/#breadcrumb"},"inLanguage":"en-US","potentialAction":[{"@type":"ReadAction","target":["https:\/\/gerard.al\/kontakt\/"]}]},{"@type":"ImageObject","inLanguage":"en-US","@id":"https:\/\/gerard.al\/kontakt\/#primaryimage","url":"https:\/\/gerard.al\/wp-content\/uploads\/2025\/01\/gerard-icon.png","contentUrl":"https:\/\/gerard.al\/wp-content\/uploads\/2025\/01\/gerard-icon.png","width":100,"height":100},{"@type":"BreadcrumbList","@id":"https:\/\/gerard.al\/kontakt\/#breadcrumb","itemListElement":[{"@type":"ListItem","position":1,"name":"Home","item":"https:\/\/gerard.al\/"},{"@type":"ListItem","position":2,"name":"Kontakt"}]},{"@type":"WebSite","@id":"https:\/\/gerard.al\/#website","url":"https:\/\/gerard.al\/","name":"Gerard SHPK","description":"Guaranteed Quality","publisher":{"@id":"https:\/\/gerard.al\/#organization"},"potentialAction":[{"@type":"SearchAction","target":{"@type":"EntryPoint","urlTemplate":"https:\/\/gerard.al\/?s={search_term_string}"},"query-input":{"@type":"PropertyValueSpecification","valueRequired":true,"valueName":"search_term_string"}}],"inLanguage":"en-US"},{"@type":"Organization","@id":"https:\/\/gerard.al\/#organization","name":"Gerard SHPK","url":"https:\/\/gerard.al\/","logo":{"@type":"ImageObject","inLanguage":"en-US","@id":"https:\/\/gerard.al\/#\/schema\/logo\/image\/","url":"https:\/\/gerard.al\/wp-content\/uploads\/2025\/01\/1.png","contentUrl":"https:\/\/gerard.al\/wp-content\/uploads\/2025\/01\/1.png","width":2716,"height":634,"caption":"Gerard SHPK"},"image":{"@id":"https:\/\/gerard.al\/#\/schema\/logo\/image\/"}}]}},"_links":{"self":[{"href":"https:\/\/gerard.al\/en\/wp-json\/wp\/v2\/pages\/2258","targetHints":{"allow":["GET"]}}],"collection":[{"href":"https:\/\/gerard.al\/en\/wp-json\/wp\/v2\/pages"}],"about":[{"href":"https:\/\/gerard.al\/en\/wp-json\/wp\/v2\/types\/page"}],"author":[{"embeddable":true,"href":"https:\/\/gerard.al\/en\/wp-json\/wp\/v2\/users\/1"}],"replies":[{"embeddable":true,"href":"https:\/\/gerard.al\/en\/wp-json\/wp\/v2\/comments?post=2258"}],"version-history":[{"count":7,"href":"https:\/\/gerard.al\/en\/wp-json\/wp\/v2\/pages\/2258\/revisions"}],"predecessor-version":[{"id":5621,"href":"https:\/\/gerard.al\/en\/wp-json\/wp\/v2\/pages\/2258\/revisions\/5621"}],"wp:featuredmedia":[{"embeddable":true,"href":"https:\/\/gerard.al\/en\/wp-json\/wp\/v2\/media\/5604"}],"wp:attachment":[{"href":"https:\/\/gerard.al\/en\/wp-json\/wp\/v2\/media?parent=2258"}],"curies":[{"name":"wp","href":"https:\/\/api.w.org\/{rel}","templated":true}]}}